{"id":3471,"date":"2023-03-15T19:27:01","date_gmt":"2023-03-15T19:27:01","guid":{"rendered":"https:\/\/staging3.nomademedia.ca\/politica-de-privacidad\/"},"modified":"2024-06-17T17:10:14","modified_gmt":"2024-06-17T17:10:14","slug":"politica-de-privacidad","status":"publish","type":"page","link":"https:\/\/www.nyx-hemera.com\/es\/politica-de-privacidad\/","title":{"rendered":"Pol\u00edtica de privacidad"},"content":{"rendered":"\t\t<div data-elementor-type=\"wp-page\" data-elementor-id=\"3471\" class=\"elementor elementor-3471 elementor-2512\" data-elementor-post-type=\"page\">\n\t\t\t\t\t\t<section class=\"elementor-section elementor-top-section elementor-element elementor-element-6a5d94c elementor-section-height-min-height elementor-section-boxed elementor-section-height-default elementor-section-items-middle\" data-id=\"6a5d94c\" data-element_type=\"section\" data-e-type=\"section\" data-settings=\"{&quot;jet_parallax_layout_list&quot;:[{&quot;jet_parallax_layout_image&quot;:{&quot;url&quot;:&quot;&quot;,&quot;id&quot;:&quot;&quot;,&quot;size&quot;:&quot;&quot;},&quot;_id&quot;:&quot;8592dbb&quot;,&quot;jet_parallax_layout_speed&quot;:{&quot;unit&quot;:&quot;%&quot;,&quot;size&quot;:&quot;50&quot;,&quot;sizes&quot;:[]},&quot;jet_parallax_layout_bg_x&quot;:&quot;50&quot;,&quot;jet_parallax_layout_bg_y&quot;:&quot;50&quot;,&quot;jet_parallax_layout_image_tablet&quot;:{&quot;url&quot;:&quot;&quot;,&quot;id&quot;:&quot;&quot;,&quot;size&quot;:&quot;&quot;},&quot;jet_parallax_layout_image_mobile&quot;:{&quot;url&quot;:&quot;&quot;,&quot;id&quot;:&quot;&quot;,&quot;size&quot;:&quot;&quot;},&quot;jet_parallax_layout_type&quot;:&quot;scroll&quot;,&quot;jet_parallax_layout_direction&quot;:null,&quot;jet_parallax_layout_fx_direction&quot;:null,&quot;jet_parallax_layout_z_index&quot;:&quot;&quot;,&quot;jet_parallax_layout_bg_x_tablet&quot;:&quot;&quot;,&quot;jet_parallax_layout_bg_x_mobile&quot;:&quot;&quot;,&quot;jet_parallax_layout_bg_y_tablet&quot;:&quot;&quot;,&quot;jet_parallax_layout_bg_y_mobile&quot;:&quot;&quot;,&quot;jet_parallax_layout_bg_size&quot;:&quot;auto&quot;,&quot;jet_parallax_layout_bg_size_tablet&quot;:&quot;&quot;,&quot;jet_parallax_layout_bg_size_mobile&quot;:&quot;&quot;,&quot;jet_parallax_layout_animation_prop&quot;:&quot;transform&quot;,&quot;jet_parallax_layout_on&quot;:[&quot;desktop&quot;,&quot;tablet&quot;]}],&quot;background_background&quot;:&quot;classic&quot;}\">\n\t\t\t\t\t\t\t<div class=\"elementor-background-overlay\"><\/div>\n\t\t\t\t\t\t\t<div class=\"elementor-container elementor-column-gap-default\">\n\t\t\t\t\t<div class=\"elementor-column elementor-col-100 elementor-top-column elementor-element elementor-element-21ecae4\" data-id=\"21ecae4\" data-element_type=\"column\" data-e-type=\"column\">\n\t\t\t<div class=\"elementor-widget-wrap elementor-element-populated\">\n\t\t\t\t\t\t<div class=\"elementor-element elementor-element-4511c81 elementor-widget elementor-widget-spacer\" data-id=\"4511c81\" data-element_type=\"widget\" data-e-type=\"widget\" data-widget_type=\"spacer.default\">\n\t\t\t\t<div class=\"elementor-widget-container\">\n\t\t\t\t\t\t\t<div class=\"elementor-spacer\">\n\t\t\t<div class=\"elementor-spacer-inner\"><\/div>\n\t\t<\/div>\n\t\t\t\t\t\t<\/div>\n\t\t\t\t<\/div>\n\t\t\t\t\t<\/div>\n\t\t<\/div>\n\t\t\t\t\t<\/div>\n\t\t<\/section>\n\t\t\t\t<section class=\"elementor-section elementor-top-section elementor-element elementor-element-ebe375d elementor-section-full_width elementor-section-height-default elementor-section-height-default\" data-id=\"ebe375d\" data-element_type=\"section\" data-e-type=\"section\" data-settings=\"{&quot;jet_parallax_layout_list&quot;:[]}\">\n\t\t\t\t\t\t<div class=\"elementor-container elementor-column-gap-default\">\n\t\t\t\t\t<div class=\"elementor-column elementor-col-50 elementor-top-column elementor-element elementor-element-1e45fe7\" data-id=\"1e45fe7\" data-element_type=\"column\" data-e-type=\"column\" data-settings=\"{&quot;background_background&quot;:&quot;classic&quot;}\">\n\t\t\t<div class=\"elementor-widget-wrap elementor-element-populated\">\n\t\t\t\t\t\t<div class=\"elementor-element elementor-element-a1d4281 elementor-mobile-align-left elementor-align-left elementor-widget elementor-widget-raven-heading\" data-id=\"a1d4281\" data-element_type=\"widget\" data-e-type=\"widget\" data-widget_type=\"raven-heading.default\">\n\t\t\t\t<div class=\"elementor-widget-container\">\n\t\t\t\t\t\t\t<div class=\"raven-widget-wrapper\"><h1 class=\"raven-heading raven-heading-h1\"><span class=\"raven-heading-title \">POL\u00cdTICA DE PRIVACIDAD<\/span><\/h1><\/div>\n\t\t\t\t\t\t<\/div>\n\t\t\t\t<\/div>\n\t\t\t\t\t<\/div>\n\t\t<\/div>\n\t\t\t\t<div class=\"elementor-column elementor-col-50 elementor-top-column elementor-element elementor-element-a53b437\" data-id=\"a53b437\" data-element_type=\"column\" data-e-type=\"column\">\n\t\t\t<div class=\"elementor-widget-wrap\">\n\t\t\t\t\t\t\t<\/div>\n\t\t<\/div>\n\t\t\t\t\t<\/div>\n\t\t<\/section>\n\t\t\t\t<section class=\"elementor-section elementor-top-section elementor-element elementor-element-3b1b568 elementor-section-boxed elementor-section-height-default elementor-section-height-default\" data-id=\"3b1b568\" data-element_type=\"section\" data-e-type=\"section\" data-settings=\"{&quot;jet_parallax_layout_list&quot;:[]}\">\n\t\t\t\t\t\t<div class=\"elementor-container elementor-column-gap-default\">\n\t\t\t\t\t<div class=\"elementor-column elementor-col-100 elementor-top-column elementor-element elementor-element-594b56f\" data-id=\"594b56f\" data-element_type=\"column\" data-e-type=\"column\">\n\t\t\t<div class=\"elementor-widget-wrap elementor-element-populated\">\n\t\t\t\t\t\t<div class=\"elementor-element elementor-element-dff9cad elementor-widget elementor-widget-text-editor\" data-id=\"dff9cad\" data-element_type=\"widget\" data-e-type=\"widget\" data-widget_type=\"text-editor.default\">\n\t\t\t\t<div class=\"elementor-widget-container\">\n\t\t\t\t\t\t\t\t\t<p><strong>POL\u00cdTICA DE PRIVACIDAD<\/strong><\/p>\n<p><strong>https:\/\/nyx-hemera.com<\/strong><\/p>\n<\/p>\n<p><strong><u>Objetivo de esta pol\u00edtica de privacidad<\/u><\/strong><\/p>\n<p>El objetivo de esta pol\u00edtica de privacidad es informar a los usuarios de nuestro sitio sobre los datos personales que recopilaremos y la siguiente informaci\u00f3n, si procede:<\/p>\n<ol>\n<li>Los datos personales que recopilaremos<\/li>\n<li>Utilizaci\u00f3n de los datos recogidos<\/li>\n<li>Qui\u00e9n tiene acceso a los datos recogidos<\/li>\n<li>Derechos de los usuarios del sitio<\/li>\n<\/ol>\n<p>Esta pol\u00edtica de privacidad se aplica conjuntamente con las condiciones de uso de nuestro sitio web.<\/p>\n<p><strong><u>Legislaci\u00f3n aplicable<\/u><\/strong><\/p>\n<p>Esta pol\u00edtica cumple las leyes establecidas en la <em>Ley de Protecci\u00f3n de Datos Personales y Documentos Electr\u00f3nicos<\/em> (PIPEDA).<\/p>\n<p>Para los residentes en pa\u00edses de la UE, el <em>Reglamento General de Protecci\u00f3n de Datos (RGPD<\/em> ) rige todas las pol\u00edticas de protecci\u00f3n de datos, independientemente de la ubicaci\u00f3n del sitio. Esta pol\u00edtica de privacidad tiene como objetivo cumplir con el GDPR. Si hay incoherencias entre esta pol\u00edtica y el GDPR, se aplicar\u00e1 el GDPR.<\/p>\n<p>Para los residentes en el Estado de California, esta pol\u00edtica de privacidad est\u00e1 destinada a cumplir con la <em>Ley de Privacidad del Consumidor de California (CCPA<\/em>). Si existen incoherencias entre este documento y la <em>CCPA<\/em>, se aplicar\u00e1 la legislaci\u00f3n estatal. Si detectamos alguna incoherencia, modificaremos nuestra pol\u00edtica para ajustarla a la legislaci\u00f3n pertinente.<\/p>\n<p><strong><u>Consentimiento<\/u><\/strong><\/p>\n<p>Los usuarios aceptan que, al utilizar nuestro sitio, dan su consentimiento a :<\/p>\n<ol>\n<li>las condiciones establecidas en la presente pol\u00edtica de privacidad y<\/li>\n<li>la recogida, utilizaci\u00f3n y conservaci\u00f3n de los datos enumerados en esta pol\u00edtica.<\/li>\n<\/ol>\n<p><strong><u>Datos personales que recopilamos<\/u><\/strong><\/p>\n<p><strong>Datos recogidos autom\u00e1ticamente<\/strong><\/p>\n<p>En nuestro sitio web no recopilamos datos autom\u00e1ticamente.<\/p>\n<p><strong>Datos recogidos de forma no autom\u00e1tica<\/strong><\/p>\n<p>Tambi\u00e9n podemos recopilar los siguientes datos cuando usted realiza determinadas funciones en nuestro sitio:<\/p>\n<ol>\n<li>Nombre y apellidos<\/li>\n<li>Env\u00ede un correo electr\u00f3nico a<\/li>\n<li>N\u00famero de tel\u00e9fono<\/li>\n<\/ol>\n<p>Estos datos pueden recogerse por los siguientes m\u00e9todos:<\/p>\n<p>Tenga en cuenta que s\u00f3lo recopilamos datos que nos ayuden a lograr el prop\u00f3sito establecido en esta pol\u00edtica de privacidad. No recopilaremos ning\u00fan dato adicional sin informarle previamente.<\/p>\n<p><strong><u>C\u00f3mo utilizamos los datos personales<\/u><\/strong><\/p>\n<p>Los datos personales recogidos en nuestro sitio s\u00f3lo se utilizar\u00e1n para los fines especificados en esta pol\u00edtica o como se indica en las p\u00e1ginas correspondientes de nuestro sitio. No utilizaremos sus datos m\u00e1s all\u00e1 de lo que revelemos.<\/p>\n<p>Los datos que recopilamos cuando el usuario realiza determinadas funciones pueden utilizarse para los siguientes fines:<\/p>\n<ol>\n<li>Rellene el formulario de contacto de nuestro sitio web.<\/li>\n<\/ol>\n<p><strong><u>Con qui\u00e9n compartimos los datos personales<\/u><\/strong><\/p>\n<p><strong>Empleados<\/strong><br \/>Podemos revelar a cualquier miembro de nuestra organizaci\u00f3n los datos del usuario que sean razonablemente necesarios para cumplir los fines establecidos en esta pol\u00edtica.<\/p>\n<p><strong>Otra informaci\u00f3n<\/strong><br \/>No venderemos ni compartiremos sus datos con terceros, salvo en los siguientes casos:<\/p>\n<ol>\n<li>si lo exige la ley<\/li>\n<li>si es necesaria para un procedimiento judicial<\/li>\n<li>demostrar o proteger nuestros derechos legales<\/li>\n<li>a compradores o posibles compradores de esa empresa en caso de que intentemos venderla<\/li>\n<\/ol>\n<p>Si sigue los hiperv\u00ednculos de nuestro sitio a otro sitio, tenga en cuenta que no somos responsables ni tenemos control sobre sus pol\u00edticas y pr\u00e1cticas de privacidad.<\/p>\n<p><strong><u> <\/u><\/strong><\/p>\n<p><strong><u> <\/u><\/strong><\/p>\n<p><strong><u>Cu\u00e1nto tiempo guardamos los datos personales<\/u><\/strong><\/p>\n<p>No conservamos los datos de los usuarios m\u00e1s all\u00e1 de lo necesario para alcanzar los fines para los que se recogieron.<\/p>\n<p><strong><u>C\u00f3mo protegemos sus datos personales<\/u><\/strong><\/p>\n<p>Aunque tomamos todas las precauciones razonables para garantizar la seguridad de los datos de nuestros usuarios y su protecci\u00f3n, siempre existe el riesgo de sufrir da\u00f1os. Internet en su conjunto puede ser, en ocasiones, inseguro, por lo que no podemos garantizar la seguridad de los datos de los usuarios m\u00e1s all\u00e1 de lo razonablemente pr\u00e1ctico.<\/p>\n<p><strong><u>Menores<\/u><\/strong><\/p>\n<p>Para los residentes en la UE, el GDPR especifica que las personas menores de 15 a\u00f1os se consideran menores a efectos de recopilaci\u00f3n de datos. Los menores deben contar con el consentimiento de un representante legal para que sus datos puedan ser recogidos, tratados y utilizados.<\/p>\n<p><strong><u>Sus derechos como usuario<\/u><\/strong><\/p>\n<p>Como usuario, tiene derecho a acceder a todos sus datos personales que hayamos recopilado. Adem\u00e1s, usted tiene derecho a actualizar o corregir cualquier dato personal que obre en nuestro poder, siempre que sea aceptable conforme a la ley.<\/p>\n<p>Puede optar por retirar o modificar su consentimiento para la recogida y uso de datos en cualquier momento, siempre que sea legalmente aceptable y nos lo haya comunicado en un plazo razonable.<\/p>\n<p><strong><u>C\u00f3mo modificar, suprimir o impugnar los datos recogidos<\/u><\/strong><\/p>\n<p>Si desea que eliminemos o modifiquemos sus datos, p\u00f3ngase en contacto con nosotros.<\/p>\n<p><strong><u>Cambios<\/u><\/strong><\/p>\n<p>Esta pol\u00edtica de privacidad puede ser modificada de vez en cuando para mantener el cumplimiento de la ley y reflejar cualquier cambio en nuestro proceso de recogida de datos. Recomendamos a nuestros usuarios que comprueben nuestra pol\u00edtica de vez en cuando para asegurarse de que est\u00e1n al tanto de cualquier actualizaci\u00f3n. Si es necesario, podemos notificar a los usuarios por correo electr\u00f3nico los cambios en esta pol\u00edtica.<\/p>\n<p><strong><u>Contacte con<\/u><\/strong><\/p>\n<p>Si tiene alguna pregunta, no dude en ponerse en contacto con nosotros.<\/p>\n<p><em>Fecha <\/em>de entrada en vigor 15 de marzo de 2023<\/p>\n\t\t\t\t\t\t\t\t<\/div>\n\t\t\t\t<\/div>\n\t\t\t\t\t<\/div>\n\t\t<\/div>\n\t\t\t\t\t<\/div>\n\t\t<\/section>\n\t\t\t\t<\/div>\n\t\t","protected":false},"excerpt":{"rendered":"<p>POL\u00cdTICA DE PRIVACIDAD POL\u00cdTICA DE PRIVACIDAD https:\/\/nyx-hemera.com Objetivo de esta pol\u00edtica de privacidad El objetivo de esta pol\u00edtica de privacidad es informar a los usuarios de nuestro sitio sobre los datos personales que recopilaremos y la siguiente informaci\u00f3n, si procede: Los datos personales que recopilaremos Utilizaci\u00f3n de los datos recogidos Qui\u00e9n tiene acceso a los [&hellip;]<\/p>\n","protected":false},"author":1,"featured_media":0,"parent":0,"menu_order":0,"comment_status":"closed","ping_status":"closed","template":"elementor_header_footer","meta":{"_acf_changed":false,"om_disable_all_campaigns":false,"_monsterinsights_skip_tracking":false,"_monsterinsights_sitenote_active":false,"_monsterinsights_sitenote_note":"","_monsterinsights_sitenote_category":0,"footnotes":""},"class_list":["post-3471","page","type-page","status-publish","hentry"],"acf":[],"_links":{"self":[{"href":"https:\/\/www.nyx-hemera.com\/es\/wp-json\/wp\/v2\/pages\/3471","targetHints":{"allow":["GET"]}}],"collection":[{"href":"https:\/\/www.nyx-hemera.com\/es\/wp-json\/wp\/v2\/pages"}],"about":[{"href":"https:\/\/www.nyx-hemera.com\/es\/wp-json\/wp\/v2\/types\/page"}],"author":[{"embeddable":true,"href":"https:\/\/www.nyx-hemera.com\/es\/wp-json\/wp\/v2\/users\/1"}],"replies":[{"embeddable":true,"href":"https:\/\/www.nyx-hemera.com\/es\/wp-json\/wp\/v2\/comments?post=3471"}],"version-history":[{"count":1,"href":"https:\/\/www.nyx-hemera.com\/es\/wp-json\/wp\/v2\/pages\/3471\/revisions"}],"predecessor-version":[{"id":10125,"href":"https:\/\/www.nyx-hemera.com\/es\/wp-json\/wp\/v2\/pages\/3471\/revisions\/10125"}],"wp:attachment":[{"href":"https:\/\/www.nyx-hemera.com\/es\/wp-json\/wp\/v2\/media?parent=3471"}],"curies":[{"name":"wp","href":"https:\/\/api.w.org\/{rel}","templated":true}]}}