{"id":3619,"date":"2023-03-06T16:32:05","date_gmt":"2023-03-06T21:32:05","guid":{"rendered":"https:\/\/staging3.nomademedia.ca\/sitios-externos\/"},"modified":"2025-02-19T14:38:24","modified_gmt":"2025-02-19T19:38:24","slug":"sitios-externos","status":"publish","type":"page","link":"https:\/\/www.nyx-hemera.com\/es\/sitios-externos\/","title":{"rendered":"Sitios externos"},"content":{"rendered":"\t\t<div data-elementor-type=\"wp-page\" data-elementor-id=\"3619\" class=\"elementor elementor-3619 elementor-1564\" data-elementor-post-type=\"page\">\n\t\t\t\t\t\t<section class=\"elementor-section elementor-top-section elementor-element elementor-element-6a5d94c elementor-section-height-min-height elementor-section-boxed elementor-section-height-default elementor-section-items-middle\" data-id=\"6a5d94c\" data-element_type=\"section\" data-e-type=\"section\" data-settings=\"{&quot;jet_parallax_layout_list&quot;:[{&quot;jet_parallax_layout_image&quot;:{&quot;url&quot;:&quot;&quot;,&quot;id&quot;:&quot;&quot;,&quot;size&quot;:&quot;&quot;},&quot;_id&quot;:&quot;8592dbb&quot;,&quot;jet_parallax_layout_speed&quot;:{&quot;unit&quot;:&quot;%&quot;,&quot;size&quot;:&quot;50&quot;,&quot;sizes&quot;:[]},&quot;jet_parallax_layout_bg_x&quot;:&quot;50&quot;,&quot;jet_parallax_layout_bg_y&quot;:&quot;50&quot;,&quot;jet_parallax_layout_image_tablet&quot;:{&quot;url&quot;:&quot;&quot;,&quot;id&quot;:&quot;&quot;,&quot;size&quot;:&quot;&quot;},&quot;jet_parallax_layout_image_mobile&quot;:{&quot;url&quot;:&quot;&quot;,&quot;id&quot;:&quot;&quot;,&quot;size&quot;:&quot;&quot;},&quot;jet_parallax_layout_type&quot;:&quot;scroll&quot;,&quot;jet_parallax_layout_direction&quot;:null,&quot;jet_parallax_layout_fx_direction&quot;:null,&quot;jet_parallax_layout_z_index&quot;:&quot;&quot;,&quot;jet_parallax_layout_bg_x_tablet&quot;:&quot;&quot;,&quot;jet_parallax_layout_bg_x_mobile&quot;:&quot;&quot;,&quot;jet_parallax_layout_bg_y_tablet&quot;:&quot;&quot;,&quot;jet_parallax_layout_bg_y_mobile&quot;:&quot;&quot;,&quot;jet_parallax_layout_bg_size&quot;:&quot;auto&quot;,&quot;jet_parallax_layout_bg_size_tablet&quot;:&quot;&quot;,&quot;jet_parallax_layout_bg_size_mobile&quot;:&quot;&quot;,&quot;jet_parallax_layout_animation_prop&quot;:&quot;transform&quot;,&quot;jet_parallax_layout_on&quot;:[&quot;desktop&quot;,&quot;tablet&quot;]}],&quot;background_background&quot;:&quot;classic&quot;}\">\n\t\t\t\t\t\t\t<div class=\"elementor-background-overlay\"><\/div>\n\t\t\t\t\t\t\t<div class=\"elementor-container elementor-column-gap-default\">\n\t\t\t\t\t<div class=\"elementor-column elementor-col-100 elementor-top-column elementor-element elementor-element-21ecae4\" data-id=\"21ecae4\" data-element_type=\"column\" data-e-type=\"column\">\n\t\t\t<div class=\"elementor-widget-wrap elementor-element-populated\">\n\t\t\t\t\t\t<div class=\"elementor-element elementor-element-4511c81 elementor-widget elementor-widget-spacer\" data-id=\"4511c81\" data-element_type=\"widget\" data-e-type=\"widget\" data-widget_type=\"spacer.default\">\n\t\t\t\t<div class=\"elementor-widget-container\">\n\t\t\t\t\t\t\t<div class=\"elementor-spacer\">\n\t\t\t<div class=\"elementor-spacer-inner\"><\/div>\n\t\t<\/div>\n\t\t\t\t\t\t<\/div>\n\t\t\t\t<\/div>\n\t\t\t\t\t<\/div>\n\t\t<\/div>\n\t\t\t\t\t<\/div>\n\t\t<\/section>\n\t\t\t\t<section class=\"elementor-section elementor-top-section elementor-element elementor-element-ebe375d elementor-section-full_width elementor-section-height-default elementor-section-height-default\" data-id=\"ebe375d\" data-element_type=\"section\" data-e-type=\"section\" data-settings=\"{&quot;jet_parallax_layout_list&quot;:[]}\">\n\t\t\t\t\t\t<div class=\"elementor-container elementor-column-gap-default\">\n\t\t\t\t\t<div class=\"elementor-column elementor-col-50 elementor-top-column elementor-element elementor-element-1e45fe7\" data-id=\"1e45fe7\" data-element_type=\"column\" data-e-type=\"column\" data-settings=\"{&quot;background_background&quot;:&quot;classic&quot;}\">\n\t\t\t<div class=\"elementor-widget-wrap elementor-element-populated\">\n\t\t\t\t\t\t<div class=\"elementor-element elementor-element-a1d4281 elementor-mobile-align-left elementor-align-left elementor-widget elementor-widget-raven-heading\" data-id=\"a1d4281\" data-element_type=\"widget\" data-e-type=\"widget\" data-widget_type=\"raven-heading.default\">\n\t\t\t\t<div class=\"elementor-widget-container\">\n\t\t\t\t\t\t\t<div class=\"raven-widget-wrapper\"><h1 class=\"raven-heading raven-heading-h1\"><span class=\"raven-heading-title \">Sitios externos<\/span><\/h1><\/div>\n\t\t\t\t\t\t<\/div>\n\t\t\t\t<\/div>\n\t\t\t\t\t<\/div>\n\t\t<\/div>\n\t\t\t\t<div class=\"elementor-column elementor-col-50 elementor-top-column elementor-element elementor-element-a53b437\" data-id=\"a53b437\" data-element_type=\"column\" data-e-type=\"column\">\n\t\t\t<div class=\"elementor-widget-wrap\">\n\t\t\t\t\t\t\t<\/div>\n\t\t<\/div>\n\t\t\t\t\t<\/div>\n\t\t<\/section>\n\t\t\t\t<section class=\"elementor-section elementor-top-section elementor-element elementor-element-b2e3ab0 elementor-section-boxed elementor-section-height-default elementor-section-height-default\" data-id=\"b2e3ab0\" data-element_type=\"section\" data-e-type=\"section\" data-settings=\"{&quot;jet_parallax_layout_list&quot;:[]}\">\n\t\t\t\t\t\t<div class=\"elementor-container elementor-column-gap-default\">\n\t\t\t\t\t<div class=\"elementor-column elementor-col-100 elementor-top-column elementor-element elementor-element-604333e\" data-id=\"604333e\" data-element_type=\"column\" data-e-type=\"column\">\n\t\t\t<div class=\"elementor-widget-wrap elementor-element-populated\">\n\t\t\t\t\t\t<div class=\"elementor-element elementor-element-e8fd49c elementor-widget-divider--view-line elementor-widget elementor-widget-divider\" data-id=\"e8fd49c\" data-element_type=\"widget\" data-e-type=\"widget\" data-widget_type=\"divider.default\">\n\t\t\t\t<div class=\"elementor-widget-container\">\n\t\t\t\t\t\t\t<div class=\"elementor-divider\">\n\t\t\t<span class=\"elementor-divider-separator\">\n\t\t\t\t\t\t<\/span>\n\t\t<\/div>\n\t\t\t\t\t\t<\/div>\n\t\t\t\t<\/div>\n\t\t\t\t\t<\/div>\n\t\t<\/div>\n\t\t\t\t\t<\/div>\n\t\t<\/section>\n\t\t\t\t<section class=\"elementor-section elementor-top-section elementor-element elementor-element-c0a4716 elementor-section-boxed elementor-section-height-default elementor-section-height-default\" data-id=\"c0a4716\" data-element_type=\"section\" data-e-type=\"section\" data-settings=\"{&quot;jet_parallax_layout_list&quot;:[]}\">\n\t\t\t\t\t\t<div class=\"elementor-container elementor-column-gap-default\">\n\t\t\t\t\t<div class=\"elementor-column elementor-col-100 elementor-top-column elementor-element elementor-element-7e8df38\" data-id=\"7e8df38\" data-element_type=\"column\" data-e-type=\"column\">\n\t\t\t<div class=\"elementor-widget-wrap elementor-element-populated\">\n\t\t\t\t\t\t<div class=\"elementor-element elementor-element-e641666 elementor-widget elementor-widget-raven-posts\" data-id=\"e641666\" data-element_type=\"widget\" data-e-type=\"widget\" data-settings=\"{&quot;classic_show_pagination&quot;:&quot;yes&quot;,&quot;classic_pagination_type&quot;:&quot;load_more&quot;,&quot;query_posts_per_page&quot;:10,&quot;_skin&quot;:&quot;classic&quot;,&quot;classic_layout&quot;:&quot;grid&quot;,&quot;classic_columns&quot;:&quot;3&quot;,&quot;classic_columns_tablet&quot;:&quot;2&quot;,&quot;classic_columns_mobile&quot;:&quot;1&quot;,&quot;query_offset&quot;:0}\" data-widget_type=\"raven-posts.classic\">\n\t\t\t\t<div class=\"elementor-widget-container\">\n\t\t\t\t\t\t\t<div class=\"raven-posts raven-grid raven-grid-3 raven-grid-mobile-1 raven-grid-tablet-2\" data-post-id=\"3619\" data-archive-query=\"\" data-lang=\"\">\n\t\t\t\t<div class=\"raven-grid-item raven-post-item post-21950 post type-post status-publish format-standard has-post-thumbnail hentry category-sitios tag-ee-uu-es tag-usa-es\">\n\t\t\t<div class=\"raven-post\">\n\t\t\t\t\t\t<div class=\"raven-post-image-wrap\">\n\t\t\t<a class=\"raven-post-image raven-image-fit\" href=\"https:\/\/www.nyx-hemera.com\/es\/2026\/04\/09\/terminal-de-mantenimiento-de-autobuses-mbta-de-north-cambridge-ma\/\"><img fetchpriority=\"high\" decoding=\"async\" width=\"1024\" height=\"1024\" src=\"https:\/\/www.nyx-hemera.com\/wp-content\/uploads\/2025\/11\/MBTA-NORTH-CAMBRIDGE-ES-1024x1024.png\" class=\"attachment-large size-large wp-image-19166\" alt=\"\" srcset=\"https:\/\/www.nyx-hemera.com\/wp-content\/uploads\/2025\/11\/MBTA-NORTH-CAMBRIDGE-ES-1024x1024.png 1024w, https:\/\/www.nyx-hemera.com\/wp-content\/uploads\/2025\/11\/MBTA-NORTH-CAMBRIDGE-ES-300x300.png 300w, https:\/\/www.nyx-hemera.com\/wp-content\/uploads\/2025\/11\/MBTA-NORTH-CAMBRIDGE-ES-150x150.png 150w, https:\/\/www.nyx-hemera.com\/wp-content\/uploads\/2025\/11\/MBTA-NORTH-CAMBRIDGE-ES-768x768.png 768w, https:\/\/www.nyx-hemera.com\/wp-content\/uploads\/2025\/11\/MBTA-NORTH-CAMBRIDGE-ES-500x500.png 500w, https:\/\/www.nyx-hemera.com\/wp-content\/uploads\/2025\/11\/MBTA-NORTH-CAMBRIDGE-ES.png 1200w\" sizes=\"(max-width: 1024px) 100vw, 1024px\" \/> <span class=\"raven-post-image-overlay\"><\/span><\/a>\t\t<\/div>\n\t\t\t\t\t\t<div class=\"raven-post-content\">\n\t\t\t\t\t<h3 class=\"raven-post-title\"><a class=\"raven-post-title-link\" href=\"https:\/\/www.nyx-hemera.com\/es\/2026\/04\/09\/terminal-de-mantenimiento-de-autobuses-mbta-de-north-cambridge-ma\/\">TERMINAL DE MANTENIMIENTO DE AUTOBUSES MBTA DE NORTH CAMBRIDGE, MA<\/a><\/h3><div class=\"raven-post-excerpt\">En el marco de un proyecto en curso, la\u00a0Massachusetts Bay Transportation Authority (MBTA)\u00a0est\u00e1 modernizando sus<\/div>\t\t<div class=\"raven-post-read-more\">\n\t\t\t<a class=\"raven-post-button\" href=\"https:\/\/www.nyx-hemera.com\/es\/2026\/04\/09\/terminal-de-mantenimiento-de-autobuses-mbta-de-north-cambridge-ma\/\"><span class=\"raven-post-button-text\">Leer el art\u00edculo<\/span><\/a>\n\t\t<\/div>\n\t\t\t\t\t\t<\/div>\n\t\t\t<\/div>\n\t\t<\/div>\n\t\t\t\t<div class=\"raven-grid-item raven-post-item post-18727 post type-post status-publish format-standard has-post-thumbnail hentry category-sitios tag-ee-uu-es tag-usa-es\">\n\t\t\t<div class=\"raven-post\">\n\t\t\t\t\t\t<div class=\"raven-post-image-wrap\">\n\t\t\t<a class=\"raven-post-image raven-image-fit\" href=\"https:\/\/www.nyx-hemera.com\/es\/2025\/10\/22\/la-ciudad-de-hopkinton-massachusetts\/\"><img decoding=\"async\" width=\"638\" height=\"478\" src=\"https:\/\/www.nyx-hemera.com\/wp-content\/uploads\/2025\/02\/Town-of-Hopkinton.png\" class=\"attachment-large size-large wp-image-15698\" alt=\"\" srcset=\"https:\/\/www.nyx-hemera.com\/wp-content\/uploads\/2025\/02\/Town-of-Hopkinton.png 638w, https:\/\/www.nyx-hemera.com\/wp-content\/uploads\/2025\/02\/Town-of-Hopkinton-300x225.png 300w\" sizes=\"(max-width: 638px) 100vw, 638px\" \/> <span class=\"raven-post-image-overlay\"><\/span><\/a>\t\t<\/div>\n\t\t\t\t\t\t<div class=\"raven-post-content\">\n\t\t\t\t\t<h3 class=\"raven-post-title\"><a class=\"raven-post-title-link\" href=\"https:\/\/www.nyx-hemera.com\/es\/2025\/10\/22\/la-ciudad-de-hopkinton-massachusetts\/\">LA CIUDAD DE HOPKINTON \u2013 MASSACHUSETTS<\/a><\/h3><div class=\"raven-post-excerpt\">La din\u00e1mica comunidad de Hopkinton, situada en las carreteras 85 y 135, a 10 km<\/div>\t\t<div class=\"raven-post-read-more\">\n\t\t\t<a class=\"raven-post-button\" href=\"https:\/\/www.nyx-hemera.com\/es\/2025\/10\/22\/la-ciudad-de-hopkinton-massachusetts\/\"><span class=\"raven-post-button-text\">Leer el art\u00edculo<\/span><\/a>\n\t\t<\/div>\n\t\t\t\t\t\t<\/div>\n\t\t\t<\/div>\n\t\t<\/div>\n\t\t\t\t<div class=\"raven-grid-item raven-post-item post-11484 post type-post status-publish format-standard has-post-thumbnail hentry category-sitios tag-canada-es\">\n\t\t\t<div class=\"raven-post\">\n\t\t\t\t\t\t<div class=\"raven-post-image-wrap\">\n\t\t\t<a class=\"raven-post-image raven-image-fit\" href=\"https:\/\/www.nyx-hemera.com\/es\/2024\/07\/23\/elgin-highway-park-ride-lot-on-hwy-401-ontario\/\"><img decoding=\"async\" width=\"197\" height=\"89\" src=\"https:\/\/www.nyx-hemera.com\/wp-content\/uploads\/2024\/07\/Elgin_Hgway.png\" class=\"attachment-large size-large wp-image-11489\" alt=\"\" \/> <span class=\"raven-post-image-overlay\"><\/span><\/a>\t\t<\/div>\n\t\t\t\t\t\t<div class=\"raven-post-content\">\n\t\t\t\t\t<h3 class=\"raven-post-title\"><a class=\"raven-post-title-link\" href=\"https:\/\/www.nyx-hemera.com\/es\/2024\/07\/23\/elgin-highway-park-ride-lot-on-hwy-401-ontario\/\">ELGIN HIGHWAY PARK-&#038;-RIDE LOT ON HWY 401 \u2013 ONTARIO<\/a><\/h3><div class=\"raven-post-excerpt\">Soluci\u00f3n TLACS-A Caracter\u00edsticas Retrofit 7 luminarias con LPC Twist Atenuaci\u00f3n autom\u00e1tica nocturna Control a distancia<\/div>\t\t<div class=\"raven-post-read-more\">\n\t\t\t<a class=\"raven-post-button\" href=\"https:\/\/www.nyx-hemera.com\/es\/2024\/07\/23\/elgin-highway-park-ride-lot-on-hwy-401-ontario\/\"><span class=\"raven-post-button-text\">Leer el art\u00edculo<\/span><\/a>\n\t\t<\/div>\n\t\t\t\t\t\t<\/div>\n\t\t\t<\/div>\n\t\t<\/div>\n\t\t\t\t<div class=\"raven-grid-item raven-post-item post-11396 post type-post status-publish format-standard has-post-thumbnail hentry category-sitios tag-ee-uu-es tag-usa-es\">\n\t\t\t<div class=\"raven-post\">\n\t\t\t\t\t\t<div class=\"raven-post-image-wrap\">\n\t\t\t<a class=\"raven-post-image raven-image-fit\" href=\"https:\/\/www.nyx-hemera.com\/es\/2024\/07\/23\/correccional-estatal-de-rehabilitacion-e-e-u-u\/\"><img loading=\"lazy\" decoding=\"async\" width=\"422\" height=\"304\" src=\"https:\/\/www.nyx-hemera.com\/wp-content\/uploads\/2024\/07\/State_Correctional.jpg\" class=\"attachment-large size-large wp-image-11401\" alt=\"\" srcset=\"https:\/\/www.nyx-hemera.com\/wp-content\/uploads\/2024\/07\/State_Correctional.jpg 422w, https:\/\/www.nyx-hemera.com\/wp-content\/uploads\/2024\/07\/State_Correctional-300x216.jpg 300w\" sizes=\"(max-width: 422px) 100vw, 422px\" \/> <span class=\"raven-post-image-overlay\"><\/span><\/a>\t\t<\/div>\n\t\t\t\t\t\t<div class=\"raven-post-content\">\n\t\t\t\t\t<h3 class=\"raven-post-title\"><a class=\"raven-post-title-link\" href=\"https:\/\/www.nyx-hemera.com\/es\/2024\/07\/23\/correccional-estatal-de-rehabilitacion-e-e-u-u\/\">CORRECCIONAL ESTATAL DE REHABILITACI\u00d3N &#8211; E.E.U.U.<\/a><\/h3><div class=\"raven-post-excerpt\">Soluci\u00f3n TLACS-A Caracter\u00edsticas 132 luminarias LED con LPC Twist 11\u00a0 farolas con 12 luminarias cada<\/div>\t\t<div class=\"raven-post-read-more\">\n\t\t\t<a class=\"raven-post-button\" href=\"https:\/\/www.nyx-hemera.com\/es\/2024\/07\/23\/correccional-estatal-de-rehabilitacion-e-e-u-u\/\"><span class=\"raven-post-button-text\">Leer el art\u00edculo<\/span><\/a>\n\t\t<\/div>\n\t\t\t\t\t\t<\/div>\n\t\t\t<\/div>\n\t\t<\/div>\n\t\t\t\t<div class=\"raven-grid-item raven-post-item post-3604 post type-post status-publish format-standard has-post-thumbnail hentry category-sitios tag-canada-es\">\n\t\t\t<div class=\"raven-post\">\n\t\t\t\t\t\t<div class=\"raven-post-image-wrap\">\n\t\t\t<a class=\"raven-post-image raven-image-fit\" href=\"https:\/\/www.nyx-hemera.com\/es\/2023\/03\/06\/parque-nacional-yoho-zona-de-pruebas-de-frenos-columbia-britanica-canada\/\"><img loading=\"lazy\" decoding=\"async\" width=\"1000\" height=\"750\" src=\"https:\/\/www.nyx-hemera.com\/wp-content\/uploads\/2023\/03\/Yoko-park-brake-check_1000.jpg\" class=\"attachment-large size-large wp-image-3077\" alt=\"\" srcset=\"https:\/\/www.nyx-hemera.com\/wp-content\/uploads\/2023\/03\/Yoko-park-brake-check_1000.jpg 1000w, https:\/\/www.nyx-hemera.com\/wp-content\/uploads\/2023\/03\/Yoko-park-brake-check_1000-300x225.jpg 300w, https:\/\/www.nyx-hemera.com\/wp-content\/uploads\/2023\/03\/Yoko-park-brake-check_1000-768x576.jpg 768w\" sizes=\"(max-width: 1000px) 100vw, 1000px\" \/> <span class=\"raven-post-image-overlay\"><\/span><\/a>\t\t<\/div>\n\t\t\t\t\t\t<div class=\"raven-post-content\">\n\t\t\t\t\t<h3 class=\"raven-post-title\"><a class=\"raven-post-title-link\" href=\"https:\/\/www.nyx-hemera.com\/es\/2023\/03\/06\/parque-nacional-yoho-zona-de-pruebas-de-frenos-columbia-britanica-canada\/\">PARQUE NACIONAL YOHO, ZONA DE PRUEBAS DE FRENOS, COLUMBIA BRIT\u00c1NICA<\/a><\/h3><div class=\"raven-post-excerpt\">Soluci\u00f3n TLACS-A Caracter\u00edsticas Retrofit 2 \u00e1reas 2 farolas 11 luminarias Detecci\u00f3n de movimiento y atenuaci\u00f3n<\/div>\t\t<div class=\"raven-post-read-more\">\n\t\t\t<a class=\"raven-post-button\" href=\"https:\/\/www.nyx-hemera.com\/es\/2023\/03\/06\/parque-nacional-yoho-zona-de-pruebas-de-frenos-columbia-britanica-canada\/\"><span class=\"raven-post-button-text\">Leer el art\u00edculo<\/span><\/a>\n\t\t<\/div>\n\t\t\t\t\t\t<\/div>\n\t\t\t<\/div>\n\t\t<\/div>\n\t\t\t\t<div class=\"raven-grid-item raven-post-item post-3581 post type-post status-publish format-standard has-post-thumbnail hentry category-sitios tag-ee-uu-es tag-usa-es\">\n\t\t\t<div class=\"raven-post\">\n\t\t\t\t\t\t<div class=\"raven-post-image-wrap\">\n\t\t\t<a class=\"raven-post-image raven-image-fit\" href=\"https:\/\/www.nyx-hemera.com\/es\/2023\/03\/06\/tunel-de-bolton-vt-ee-uu\/\"><img loading=\"lazy\" decoding=\"async\" width=\"350\" height=\"237\" src=\"https:\/\/www.nyx-hemera.com\/wp-content\/uploads\/2023\/03\/Bolton.png\" class=\"attachment-large size-large wp-image-3071\" alt=\"\" srcset=\"https:\/\/www.nyx-hemera.com\/wp-content\/uploads\/2023\/03\/Bolton.png 350w, https:\/\/www.nyx-hemera.com\/wp-content\/uploads\/2023\/03\/Bolton-300x203.png 300w\" sizes=\"(max-width: 350px) 100vw, 350px\" \/> <span class=\"raven-post-image-overlay\"><\/span><\/a>\t\t<\/div>\n\t\t\t\t\t\t<div class=\"raven-post-content\">\n\t\t\t\t\t<h3 class=\"raven-post-title\"><a class=\"raven-post-title-link\" href=\"https:\/\/www.nyx-hemera.com\/es\/2023\/03\/06\/tunel-de-bolton-vt-ee-uu\/\">T\u00daNEL DE BOLTON &#8211; VT, EE.UU.<\/a><\/h3><div class=\"raven-post-excerpt\">Soluci\u00f3n TLACS-A Caracter\u00edsticas T\u00fanel peatonal bajo la autopista 11 luminarias LED Bot\u00f3n de activado por<\/div>\t\t<div class=\"raven-post-read-more\">\n\t\t\t<a class=\"raven-post-button\" href=\"https:\/\/www.nyx-hemera.com\/es\/2023\/03\/06\/tunel-de-bolton-vt-ee-uu\/\"><span class=\"raven-post-button-text\">Leer el art\u00edculo<\/span><\/a>\n\t\t<\/div>\n\t\t\t\t\t\t<\/div>\n\t\t\t<\/div>\n\t\t<\/div>\n\t\t\t\t<div class=\"raven-grid-item raven-post-item post-3597 post type-post status-publish format-standard has-post-thumbnail hentry category-sitios tag-ee-uu-es tag-usa-es\">\n\t\t\t<div class=\"raven-post\">\n\t\t\t\t\t\t<div class=\"raven-post-image-wrap\">\n\t\t\t<a class=\"raven-post-image raven-image-fit\" href=\"https:\/\/www.nyx-hemera.com\/es\/2023\/03\/06\/aparcamiento-del-centro-medico-james-j-peters-va-bronx-ny-ee-uu\/\"><img loading=\"lazy\" decoding=\"async\" width=\"220\" height=\"134\" src=\"https:\/\/www.nyx-hemera.com\/wp-content\/uploads\/2023\/03\/James_J_Peters_VA_hosp_Bronx.jpg\" class=\"attachment-large size-large wp-image-3073\" alt=\"\" \/> <span class=\"raven-post-image-overlay\"><\/span><\/a>\t\t<\/div>\n\t\t\t\t\t\t<div class=\"raven-post-content\">\n\t\t\t\t\t<h3 class=\"raven-post-title\"><a class=\"raven-post-title-link\" href=\"https:\/\/www.nyx-hemera.com\/es\/2023\/03\/06\/aparcamiento-del-centro-medico-james-j-peters-va-bronx-ny-ee-uu\/\">ESTACIONAMIENTO DEL CENTRO M\u00c9DICO JAMES J. PETERS VA, BRONX, NY<\/a><\/h3><div class=\"raven-post-excerpt\">El Centro M\u00e9dico James J. Peters VA es un complejo hospitalario del Departamento de Asuntos<\/div>\t\t<div class=\"raven-post-read-more\">\n\t\t\t<a class=\"raven-post-button\" href=\"https:\/\/www.nyx-hemera.com\/es\/2023\/03\/06\/aparcamiento-del-centro-medico-james-j-peters-va-bronx-ny-ee-uu\/\"><span class=\"raven-post-button-text\">Leer el art\u00edculo<\/span><\/a>\n\t\t<\/div>\n\t\t\t\t\t\t<\/div>\n\t\t\t<\/div>\n\t\t<\/div>\n\t\t\t\t<\/div>\n\t\t\t\t\t\t<\/div>\n\t\t\t\t<\/div>\n\t\t\t\t\t<\/div>\n\t\t<\/div>\n\t\t\t\t\t<\/div>\n\t\t<\/section>\n\t\t\t\t<section class=\"elementor-section elementor-top-section elementor-element elementor-element-6a09540 elementor-section-content-middle elementor-section-boxed elementor-section-height-default elementor-section-height-default\" data-id=\"6a09540\" data-element_type=\"section\" data-e-type=\"section\" data-settings=\"{&quot;background_background&quot;:&quot;classic&quot;,&quot;jet_parallax_layout_list&quot;:[]}\">\n\t\t\t\t\t\t<div class=\"elementor-container elementor-column-gap-no\">\n\t\t\t\t\t<div class=\"elementor-column elementor-col-100 elementor-top-column elementor-element elementor-element-a021427\" data-id=\"a021427\" data-element_type=\"column\" data-e-type=\"column\">\n\t\t\t<div class=\"elementor-widget-wrap elementor-element-populated\">\n\t\t\t\t\t\t<section class=\"elementor-section elementor-inner-section elementor-element elementor-element-1f1deba elementor-section-boxed elementor-section-height-default elementor-section-height-default\" data-id=\"1f1deba\" data-element_type=\"section\" data-e-type=\"section\" data-settings=\"{&quot;jet_parallax_layout_list&quot;:[]}\">\n\t\t\t\t\t\t<div class=\"elementor-container elementor-column-gap-default\">\n\t\t\t\t\t<div class=\"elementor-column elementor-col-50 elementor-inner-column elementor-element elementor-element-b7e35e1\" data-id=\"b7e35e1\" data-element_type=\"column\" data-e-type=\"column\">\n\t\t\t<div class=\"elementor-widget-wrap elementor-element-populated\">\n\t\t\t\t\t\t<div class=\"elementor-element elementor-element-cab140c elementor-view-default elementor-widget elementor-widget-icon\" data-id=\"cab140c\" data-element_type=\"widget\" data-e-type=\"widget\" data-widget_type=\"icon.default\">\n\t\t\t\t<div class=\"elementor-widget-container\">\n\t\t\t\t\t\t\t<div class=\"elementor-icon-wrapper\">\n\t\t\t<div class=\"elementor-icon\">\n\t\t\t<i aria-hidden=\"true\" class=\"far fa-envelope\"><\/i>\t\t\t<\/div>\n\t\t<\/div>\n\t\t\t\t\t\t<\/div>\n\t\t\t\t<\/div>\n\t\t\t\t\t<\/div>\n\t\t<\/div>\n\t\t\t\t<div class=\"elementor-column elementor-col-50 elementor-inner-column elementor-element elementor-element-3cbf528\" data-id=\"3cbf528\" data-element_type=\"column\" data-e-type=\"column\">\n\t\t\t<div class=\"elementor-widget-wrap elementor-element-populated\">\n\t\t\t\t\t\t<div class=\"elementor-element elementor-element-6204c32 elementor-widget elementor-widget-heading\" data-id=\"6204c32\" data-element_type=\"widget\" data-e-type=\"widget\" data-widget_type=\"heading.default\">\n\t\t\t\t<div class=\"elementor-widget-container\">\n\t\t\t\t\t<h4 class=\"elementor-heading-title elementor-size-default\">Suscr\u00edbase a nuestro bolet\u00edn<\/h4>\t\t\t\t<\/div>\n\t\t\t\t<\/div>\n\t\t\t\t\t<\/div>\n\t\t<\/div>\n\t\t\t\t\t<\/div>\n\t\t<\/section>\n\t\t\t\t<div class=\"elementor-element elementor-element-9c4a458 elementor-button-align-stretch elementor-widget elementor-widget-form\" data-id=\"9c4a458\" data-element_type=\"widget\" data-e-type=\"widget\" data-settings=\"{&quot;button_width&quot;:&quot;25&quot;,&quot;step_next_label&quot;:&quot;Siguiente&quot;,&quot;step_previous_label&quot;:&quot;Anterior&quot;,&quot;step_type&quot;:&quot;number_text&quot;,&quot;step_icon_shape&quot;:&quot;circle&quot;}\" data-widget_type=\"form.default\">\n\t\t\t\t<div class=\"elementor-widget-container\">\n\t\t\t\t\t\t\t<form class=\"elementor-form\" method=\"post\" name=\"Nuevo formulario\">\n\t\t\t<input type=\"hidden\" name=\"post_id\" value=\"3619\"\/>\n\t\t\t<input type=\"hidden\" name=\"form_id\" value=\"9c4a458\"\/>\n\t\t\t<input type=\"hidden\" name=\"referer_title\" value=\"\" \/>\n\n\t\t\t\n\t\t\t<div class=\"elementor-form-fields-wrapper elementor-labels-\">\n\t\t\t\t\t\t\t\t<div class=\"elementor-field-type-email elementor-field-group elementor-column elementor-field-group-email elementor-col-75 elementor-field-required\">\n\t\t\t\t\t\t\t\t\t\t\t\t<label for=\"form-field-email\" class=\"elementor-field-label elementor-screen-only\">\n\t\t\t\t\t\t\t\tEnv\u00ede un correo electr\u00f3nico a\t\t\t\t\t\t\t<\/label>\n\t\t\t\t\t\t\t\t\t\t\t\t\t\t<input size=\"1\" type=\"email\" name=\"form_fields[email]\" id=\"form-field-email\" class=\"elementor-field elementor-size-md  elementor-field-textual\" placeholder=\"Su direcci\u00f3n de correo electr\u00f3nico\" required=\"required\" aria-required=\"true\">\n\t\t\t\t\t\t\t\t\t\t\t<\/div>\n\t\t\t\t\t\t\t\t<div class=\"elementor-field-group elementor-column elementor-field-type-submit elementor-col-25 e-form__buttons\">\n\t\t\t\t\t<button class=\"elementor-button elementor-size-md\" type=\"submit\">\n\t\t\t\t\t\t<span class=\"elementor-button-content-wrapper\">\n\t\t\t\t\t\t\t\t\t\t\t\t\t\t\t\t\t\t\t\t\t\t<span class=\"elementor-button-text\">Suscr\u00edbase<\/span>\n\t\t\t\t\t\t\t\t\t\t\t\t\t<\/span>\n\t\t\t\t\t<\/button>\n\t\t\t\t<\/div>\n\t\t\t<\/div>\n\t\t<\/form>\n\t\t\t\t\t\t<\/div>\n\t\t\t\t<\/div>\n\t\t\t\t\t<\/div>\n\t\t<\/div>\n\t\t\t\t\t<\/div>\n\t\t<\/section>\n\t\t\t\t<\/div>\n\t\t","protected":false},"excerpt":{"rendered":"<p>Sitios externos ELGIN HIGHWAY PARK-&#038;-RIDE LOT ON HWY 401 \u2013 ONTARIO Soluci\u00f3n TLACS-A Caracter\u00edsticas Retrofit 7 luminarias con LPC Twist Atenuaci\u00f3n autom\u00e1tica nocturna Control a distancia Leer el art\u00edculo CORRECCIONAL ESTATAL DE REHABILITACI\u00d3N &#8211; E.E.U.U. Soluci\u00f3n TLACS-A Caracter\u00edsticas 132 luminarias LED con LPC Twist 11\u00a0 farolas con 12 luminarias cada Leer el art\u00edculo PARQUE NACIONAL [&hellip;]<\/p>\n","protected":false},"author":1,"featured_media":0,"parent":0,"menu_order":0,"comment_status":"closed","ping_status":"closed","template":"elementor_header_footer","meta":{"_acf_changed":false,"om_disable_all_campaigns":false,"_monsterinsights_skip_tracking":false,"_monsterinsights_sitenote_active":false,"_monsterinsights_sitenote_note":"","_monsterinsights_sitenote_category":0,"footnotes":""},"class_list":["post-3619","page","type-page","status-publish","hentry"],"acf":[],"_links":{"self":[{"href":"https:\/\/www.nyx-hemera.com\/es\/wp-json\/wp\/v2\/pages\/3619","targetHints":{"allow":["GET"]}}],"collection":[{"href":"https:\/\/www.nyx-hemera.com\/es\/wp-json\/wp\/v2\/pages"}],"about":[{"href":"https:\/\/www.nyx-hemera.com\/es\/wp-json\/wp\/v2\/types\/page"}],"author":[{"embeddable":true,"href":"https:\/\/www.nyx-hemera.com\/es\/wp-json\/wp\/v2\/users\/1"}],"replies":[{"embeddable":true,"href":"https:\/\/www.nyx-hemera.com\/es\/wp-json\/wp\/v2\/comments?post=3619"}],"version-history":[{"count":11,"href":"https:\/\/www.nyx-hemera.com\/es\/wp-json\/wp\/v2\/pages\/3619\/revisions"}],"predecessor-version":[{"id":15994,"href":"https:\/\/www.nyx-hemera.com\/es\/wp-json\/wp\/v2\/pages\/3619\/revisions\/15994"}],"wp:attachment":[{"href":"https:\/\/www.nyx-hemera.com\/es\/wp-json\/wp\/v2\/media?parent=3619"}],"curies":[{"name":"wp","href":"https:\/\/api.w.org\/{rel}","templated":true}]}}